{"id":5,"date":"2016-02-12T07:55:23","date_gmt":"2016-02-12T07:55:23","guid":{"rendered":"http:\/\/demos.famethemes.com\/onepress\/?page_id=5"},"modified":"2022-04-05T12:07:32","modified_gmt":"2022-04-05T12:07:32","slug":"insights","status":"publish","type":"page","link":"https:\/\/playfairadvisory.com\/vi\/insights\/","title":{"rendered":"TH\u00d4NG TIN CHUY\u00caN NG\u00c0NH"},"content":{"rendered":"<div class=\"wp-block-query alignwide is-layout-flow wp-block-query-is-layout-flow\"><ul class=\"wp-block-post-template is-layout-flow wp-block-post-template-is-layout-flow\"><li class=\"wp-block-post post-2753 post type-post status-publish format-standard has-post-thumbnail hentry category-insights\">\n\n<div class=\"wp-block-query is-layout-flow wp-block-query-is-layout-flow\"><ul class=\"wp-block-post-template is-layout-flow wp-block-post-template-is-layout-flow\"><li class=\"wp-block-post post-2753 post type-post status-publish format-standard has-post-thumbnail hentry category-insights\">\n<h2 class=\"wp-block-post-title\"><a href=\"https:\/\/playfairadvisory.com\/vi\/newsletter-march-2024\/\" target=\"_self\" >Newsletter March 2024<\/a><\/h2>\n\n<figure class=\"alignwide wp-block-post-featured-image\"><a href=\"https:\/\/playfairadvisory.com\/vi\/newsletter-march-2024\/\" target=\"_self\"  ><img fetchpriority=\"high\" decoding=\"async\" width=\"1200\" height=\"800\" src=\"https:\/\/playfairadvisory.com\/wp-content\/uploads\/2024\/07\/13352.jpg\" class=\"attachment-post-thumbnail size-post-thumbnail wp-post-image\" alt=\"Newsletter March 2024\" style=\"object-fit:cover;\" srcset=\"https:\/\/playfairadvisory.com\/wp-content\/uploads\/2024\/07\/13352.jpg 1200w, https:\/\/playfairadvisory.com\/wp-content\/uploads\/2024\/07\/13352-300x200.jpg 300w, https:\/\/playfairadvisory.com\/wp-content\/uploads\/2024\/07\/13352-1024x683.jpg 1024w, https:\/\/playfairadvisory.com\/wp-content\/uploads\/2024\/07\/13352-768x512.jpg 768w, https:\/\/playfairadvisory.com\/wp-content\/uploads\/2024\/07\/13352-18x12.jpg 18w\" sizes=\"(max-width: 1200px) 100vw, 1200px\" \/><\/a><\/figure>\n\n<div class=\"wp-block-post-excerpt\"><p class=\"wp-block-post-excerpt__excerpt\">End of the two-year extension of post-study work rights The extended 2-year post-study work (subclass 485) visa offered to international graduates with select degrees will no longer be available from &#8230; <\/p><\/div>\n\n\n<hr class=\"wp-block-separator\"\/>\n\n<\/li><li class=\"wp-block-post post-2794 post type-post status-publish format-standard has-post-thumbnail hentry category-insights\">\n<h2 class=\"wp-block-post-title\"><a href=\"https:\/\/playfairadvisory.com\/vi\/urgent-notice-closure-of-the-pandemic-event-visa\/\" target=\"_self\" >Urgent Notice: Closure of the Pandemic Event Visa<\/a><\/h2>\n\n<figure class=\"alignwide wp-block-post-featured-image\"><a href=\"https:\/\/playfairadvisory.com\/vi\/urgent-notice-closure-of-the-pandemic-event-visa\/\" target=\"_self\"  ><img decoding=\"async\" width=\"1100\" height=\"733\" src=\"https:\/\/playfairadvisory.com\/wp-content\/uploads\/2024\/08\/Urgent-Notice_-Closure-of-the-Pandemic-Event-Visa-29-Jan-2024-2.jpg\" class=\"attachment-post-thumbnail size-post-thumbnail wp-post-image\" alt=\"Urgent Notice: Closure of the Pandemic Event Visa\" style=\"object-fit:cover;\" srcset=\"https:\/\/playfairadvisory.com\/wp-content\/uploads\/2024\/08\/Urgent-Notice_-Closure-of-the-Pandemic-Event-Visa-29-Jan-2024-2.jpg 1100w, https:\/\/playfairadvisory.com\/wp-content\/uploads\/2024\/08\/Urgent-Notice_-Closure-of-the-Pandemic-Event-Visa-29-Jan-2024-2-300x200.jpg 300w, https:\/\/playfairadvisory.com\/wp-content\/uploads\/2024\/08\/Urgent-Notice_-Closure-of-the-Pandemic-Event-Visa-29-Jan-2024-2-1024x682.jpg 1024w, https:\/\/playfairadvisory.com\/wp-content\/uploads\/2024\/08\/Urgent-Notice_-Closure-of-the-Pandemic-Event-Visa-29-Jan-2024-2-768x512.jpg 768w, https:\/\/playfairadvisory.com\/wp-content\/uploads\/2024\/08\/Urgent-Notice_-Closure-of-the-Pandemic-Event-Visa-29-Jan-2024-2-18x12.jpg 18w\" sizes=\"(max-width: 1100px) 100vw, 1100px\" \/><\/a><\/figure>\n\n<div class=\"wp-block-post-excerpt\"><p class=\"wp-block-post-excerpt__excerpt\">The COVID-19 Pandemic event visa (subclass 408) will close to all applications on 1 February 2024. Individuals with an existing 408, which is scheduled to expire within the next 90 &#8230; <\/p><\/div>\n\n\n<hr class=\"wp-block-separator\"\/>\n\n<\/li><li class=\"wp-block-post post-2783 post type-post status-publish format-standard has-post-thumbnail hentry category-insights\">\n<h2 class=\"wp-block-post-title\"><a href=\"https:\/\/playfairadvisory.com\/vi\/newsletter-december-2023\/\" target=\"_self\" >Newsletter December 2023<\/a><\/h2>\n\n<figure class=\"alignwide wp-block-post-featured-image\"><a href=\"https:\/\/playfairadvisory.com\/vi\/newsletter-december-2023\/\" target=\"_self\"  ><img decoding=\"async\" width=\"1200\" height=\"900\" src=\"https:\/\/playfairadvisory.com\/wp-content\/uploads\/2024\/08\/01.jpg\" class=\"attachment-post-thumbnail size-post-thumbnail wp-post-image\" alt=\"Newsletter December 2023\" style=\"object-fit:cover;\" srcset=\"https:\/\/playfairadvisory.com\/wp-content\/uploads\/2024\/08\/01.jpg 1200w, https:\/\/playfairadvisory.com\/wp-content\/uploads\/2024\/08\/01-300x225.jpg 300w, https:\/\/playfairadvisory.com\/wp-content\/uploads\/2024\/08\/01-1024x768.jpg 1024w, https:\/\/playfairadvisory.com\/wp-content\/uploads\/2024\/08\/01-768x576.jpg 768w, https:\/\/playfairadvisory.com\/wp-content\/uploads\/2024\/08\/01-16x12.jpg 16w\" sizes=\"(max-width: 1200px) 100vw, 1200px\" \/><\/a><\/figure>\n\n<div class=\"wp-block-post-excerpt\"><p class=\"wp-block-post-excerpt__excerpt\">New Skilled Visa Earlier this week, the government has revealed its 10-year migration strategy. Following the changes in skills migration, the government plans to introduce a new &#8216;Skills in Demand&#8217; &#8230; <\/p><\/div>\n\n\n<hr class=\"wp-block-separator\"\/>\n\n<\/li><li class=\"wp-block-post post-2790 post type-post status-publish format-standard has-post-thumbnail hentry category-insights\">\n<h2 class=\"wp-block-post-title\"><a href=\"https:\/\/playfairadvisory.com\/vi\/expanding-employer-sponsored-pathways-to-permanent-residence-pr-2\/\" target=\"_self\" >Expanding Employer Sponsored Pathways to Permanent Residence (PR)<\/a><\/h2>\n\n<figure class=\"alignwide wp-block-post-featured-image\"><a href=\"https:\/\/playfairadvisory.com\/vi\/expanding-employer-sponsored-pathways-to-permanent-residence-pr-2\/\" target=\"_self\"  ><img loading=\"lazy\" decoding=\"async\" width=\"1200\" height=\"800\" src=\"https:\/\/playfairadvisory.com\/wp-content\/uploads\/2024\/08\/sydney.jpg\" class=\"attachment-post-thumbnail size-post-thumbnail wp-post-image\" alt=\"Expanding Employer Sponsored Pathways to Permanent Residence (PR)\" style=\"object-fit:cover;\" srcset=\"https:\/\/playfairadvisory.com\/wp-content\/uploads\/2024\/08\/sydney.jpg 1200w, https:\/\/playfairadvisory.com\/wp-content\/uploads\/2024\/08\/sydney-300x200.jpg 300w, https:\/\/playfairadvisory.com\/wp-content\/uploads\/2024\/08\/sydney-1024x683.jpg 1024w, https:\/\/playfairadvisory.com\/wp-content\/uploads\/2024\/08\/sydney-768x512.jpg 768w, https:\/\/playfairadvisory.com\/wp-content\/uploads\/2024\/08\/sydney-18x12.jpg 18w\" sizes=\"(max-width: 1200px) 100vw, 1200px\" \/><\/a><\/figure>\n\n<div class=\"wp-block-post-excerpt\"><p class=\"wp-block-post-excerpt__excerpt\">The Department of Home Affairs has expanded access to permanent pathways for subclass 482 Temporary Skill Shortage (TSS) holders and 457 skilled workers in all streams (that is Short-term, Medium-term &#8230; <\/p><\/div>\n\n\n<hr class=\"wp-block-separator\"\/>\n\n<\/li><li class=\"wp-block-post post-2718 post type-post status-publish format-standard has-post-thumbnail hentry category-insights\">\n<h2 class=\"wp-block-post-title\"><a href=\"https:\/\/playfairadvisory.com\/vi\/extension-of-working-holiday-visa-conditions\/\" target=\"_self\" >Extension of Working Holiday Visa Conditions<\/a><\/h2>\n\n<figure class=\"alignwide wp-block-post-featured-image\"><a href=\"https:\/\/playfairadvisory.com\/vi\/extension-of-working-holiday-visa-conditions\/\" target=\"_self\"  ><img loading=\"lazy\" decoding=\"async\" width=\"1200\" height=\"675\" src=\"https:\/\/playfairadvisory.com\/wp-content\/uploads\/2024\/07\/urgent.jpg\" class=\"attachment-post-thumbnail size-post-thumbnail wp-post-image\" alt=\"Extension of Working Holiday Visa Conditions\" style=\"object-fit:cover;\" srcset=\"https:\/\/playfairadvisory.com\/wp-content\/uploads\/2024\/07\/urgent.jpg 1200w, https:\/\/playfairadvisory.com\/wp-content\/uploads\/2024\/07\/urgent-300x169.jpg 300w, https:\/\/playfairadvisory.com\/wp-content\/uploads\/2024\/07\/urgent-1024x576.jpg 1024w, https:\/\/playfairadvisory.com\/wp-content\/uploads\/2024\/07\/urgent-768x432.jpg 768w, https:\/\/playfairadvisory.com\/wp-content\/uploads\/2024\/07\/urgent-18x10.jpg 18w\" sizes=\"(max-width: 1200px) 100vw, 1200px\" \/><\/a><\/figure>\n\n<div class=\"wp-block-post-excerpt\"><p class=\"wp-block-post-excerpt__excerpt\">Working Holiday Visa (subclass 462 &amp; 417) program. The update includes an extension of the eased requirements under visa condition 8547, as a part of the ongoing Migration Strategy reforms. &#8230; <\/p><\/div>\n\n\n<hr class=\"wp-block-separator\"\/>\n\n<\/li><li class=\"wp-block-post post-2780 post type-post status-publish format-standard has-post-thumbnail hentry category-insights\">\n<h2 class=\"wp-block-post-title\"><a href=\"https:\/\/playfairadvisory.com\/vi\/expanding-employer-sponsored-pathways-to-permanent-residence-pr\/\" target=\"_self\" >Expanding Employer Sponsored Pathways to Permanent Residence (PR)<\/a><\/h2>\n\n<figure class=\"alignwide wp-block-post-featured-image\"><a href=\"https:\/\/playfairadvisory.com\/vi\/expanding-employer-sponsored-pathways-to-permanent-residence-pr\/\" target=\"_self\"  ><img loading=\"lazy\" decoding=\"async\" width=\"1200\" height=\"565\" src=\"https:\/\/playfairadvisory.com\/wp-content\/uploads\/2024\/07\/opera.jpg\" class=\"attachment-post-thumbnail size-post-thumbnail wp-post-image\" alt=\"Expanding Employer Sponsored Pathways to Permanent Residence (PR)\" style=\"object-fit:cover;\" srcset=\"https:\/\/playfairadvisory.com\/wp-content\/uploads\/2024\/07\/opera.jpg 1200w, https:\/\/playfairadvisory.com\/wp-content\/uploads\/2024\/07\/opera-300x141.jpg 300w, https:\/\/playfairadvisory.com\/wp-content\/uploads\/2024\/07\/opera-1024x482.jpg 1024w, https:\/\/playfairadvisory.com\/wp-content\/uploads\/2024\/07\/opera-768x362.jpg 768w, https:\/\/playfairadvisory.com\/wp-content\/uploads\/2024\/07\/opera-18x8.jpg 18w\" sizes=\"(max-width: 1200px) 100vw, 1200px\" \/><\/a><\/figure>\n\n<div class=\"wp-block-post-excerpt\"><p class=\"wp-block-post-excerpt__excerpt\">The Department of Home Affairs is currently working to implement changes to Employer-Sponsored Migration Program on 25 November 2023 for the following visas: Specifically: We will keep you posted Past &#8230; <\/p><\/div>\n\n\n<hr class=\"wp-block-separator\"\/>\n\n<\/li><li class=\"wp-block-post post-2723 post type-post status-publish format-standard has-post-thumbnail hentry category-insights\">\n<h2 class=\"wp-block-post-title\"><a href=\"https:\/\/playfairadvisory.com\/vi\/announcement-george-lombard-elected-as-mia-nsw-act-president\/\" target=\"_self\" >ANNOUNCEMENT: George Lombard elected as MIA NSW\/ACT President<\/a><\/h2>\n\n<figure class=\"alignwide wp-block-post-featured-image\"><a href=\"https:\/\/playfairadvisory.com\/vi\/announcement-george-lombard-elected-as-mia-nsw-act-president\/\" target=\"_self\"  ><img loading=\"lazy\" decoding=\"async\" width=\"1200\" height=\"834\" src=\"https:\/\/playfairadvisory.com\/wp-content\/uploads\/2024\/07\/announcement-cover.jpg\" class=\"attachment-post-thumbnail size-post-thumbnail wp-post-image\" alt=\"ANNOUNCEMENT: George Lombard elected as MIA NSW\/ACT President\" style=\"object-fit:cover;\" srcset=\"https:\/\/playfairadvisory.com\/wp-content\/uploads\/2024\/07\/announcement-cover.jpg 1200w, https:\/\/playfairadvisory.com\/wp-content\/uploads\/2024\/07\/announcement-cover-300x209.jpg 300w, https:\/\/playfairadvisory.com\/wp-content\/uploads\/2024\/07\/announcement-cover-1024x712.jpg 1024w, https:\/\/playfairadvisory.com\/wp-content\/uploads\/2024\/07\/announcement-cover-768x534.jpg 768w, https:\/\/playfairadvisory.com\/wp-content\/uploads\/2024\/07\/announcement-cover-18x12.jpg 18w\" sizes=\"(max-width: 1200px) 100vw, 1200px\" \/><\/a><\/figure>\n\n<div class=\"wp-block-post-excerpt\"><p class=\"wp-block-post-excerpt__excerpt\">We are thrilled to announce that our Special Counsel, George Lombard has been elected as the New South Wales and Australian Capital Territory Branch President of The Migration Institute of &#8230; <\/p><\/div>\n\n\n<hr class=\"wp-block-separator\"\/>\n\n<\/li><li class=\"wp-block-post post-2728 post type-post status-publish format-standard has-post-thumbnail hentry category-insights\">\n<h2 class=\"wp-block-post-title\"><a href=\"https:\/\/playfairadvisory.com\/vi\/newsletter-october-2023\/\" target=\"_self\" >Newsletter October 2023<\/a><\/h2>\n\n<figure class=\"alignwide wp-block-post-featured-image\"><a href=\"https:\/\/playfairadvisory.com\/vi\/newsletter-october-2023\/\" target=\"_self\"  ><img loading=\"lazy\" decoding=\"async\" width=\"1199\" height=\"605\" src=\"https:\/\/playfairadvisory.com\/wp-content\/uploads\/2023\/10\/newsletter-cover.jpg\" class=\"attachment-post-thumbnail size-post-thumbnail wp-post-image\" alt=\"Newsletter October 2023\" style=\"object-fit:cover;\" srcset=\"https:\/\/playfairadvisory.com\/wp-content\/uploads\/2023\/10\/newsletter-cover.jpg 1199w, https:\/\/playfairadvisory.com\/wp-content\/uploads\/2023\/10\/newsletter-cover-300x150.jpg 300w, https:\/\/playfairadvisory.com\/wp-content\/uploads\/2023\/10\/newsletter-cover-1024x517.jpg 1024w, https:\/\/playfairadvisory.com\/wp-content\/uploads\/2023\/10\/newsletter-cover-768x388.jpg 768w, https:\/\/playfairadvisory.com\/wp-content\/uploads\/2023\/10\/newsletter-cover-18x9.jpg 18w\" sizes=\"(max-width: 1199px) 100vw, 1199px\" \/><\/a><\/figure>\n\n<div class=\"wp-block-post-excerpt\"><p class=\"wp-block-post-excerpt__excerpt\">In our ongoing commitment to keeping you informed about the latest developments in immigration and compliance, we are thrilled to bring you significant updates from the Department of Home Affairs &#8230; <\/p><\/div>\n\n\n<hr class=\"wp-block-separator\"\/>\n\n<\/li><\/ul><\/div>\n\n<\/li><\/ul><\/div>\n\n\n\n<p><\/p>","protected":false},"excerpt":{"rendered":"","protected":false},"author":1,"featured_media":0,"parent":0,"menu_order":0,"comment_status":"closed","ping_status":"closed","template":"","meta":{"_monsterinsights_skip_tracking":false,"_monsterinsights_sitenote_active":false,"_monsterinsights_sitenote_note":"","_monsterinsights_sitenote_category":0,"footnotes":""},"class_list":["post-5","page","type-page","status-publish","hentry"],"yoast_head":"<!-- This site is optimized with the Yoast SEO plugin v27.3 - https:\/\/yoast.com\/product\/yoast-seo-wordpress\/ -->\n<title>INSIGHTS - Playfair Advisory<\/title>\n<meta name=\"robots\" content=\"index, follow, max-snippet:-1, max-image-preview:large, max-video-preview:-1\" \/>\n<link rel=\"canonical\" href=\"https:\/\/playfairadvisory.com\/vi\/insights\/\" \/>\n<meta property=\"og:locale\" content=\"vi_VN\" \/>\n<meta property=\"og:type\" content=\"article\" \/>\n<meta property=\"og:title\" content=\"INSIGHTS - Playfair Advisory\" \/>\n<meta property=\"og:url\" content=\"https:\/\/playfairadvisory.com\/vi\/insights\/\" \/>\n<meta property=\"og:site_name\" content=\"Playfair Advisory\" \/>\n<meta property=\"article:modified_time\" content=\"2022-04-05T12:07:32+00:00\" \/>\n<meta name=\"twitter:card\" content=\"summary_large_image\" \/>\n<script type=\"application\/ld+json\" class=\"yoast-schema-graph\">{\"@context\":\"https:\\\/\\\/schema.org\",\"@graph\":[{\"@type\":\"WebPage\",\"@id\":\"https:\\\/\\\/playfairadvisory.com\\\/insights\\\/\",\"url\":\"https:\\\/\\\/playfairadvisory.com\\\/insights\\\/\",\"name\":\"INSIGHTS - Playfair Advisory\",\"isPartOf\":{\"@id\":\"https:\\\/\\\/playfairadvisory.com\\\/#website\"},\"datePublished\":\"2016-02-12T07:55:23+00:00\",\"dateModified\":\"2022-04-05T12:07:32+00:00\",\"breadcrumb\":{\"@id\":\"https:\\\/\\\/playfairadvisory.com\\\/insights\\\/#breadcrumb\"},\"inLanguage\":\"vi\",\"potentialAction\":[{\"@type\":\"ReadAction\",\"target\":[\"https:\\\/\\\/playfairadvisory.com\\\/insights\\\/\"]}]},{\"@type\":\"BreadcrumbList\",\"@id\":\"https:\\\/\\\/playfairadvisory.com\\\/insights\\\/#breadcrumb\",\"itemListElement\":[{\"@type\":\"ListItem\",\"position\":1,\"name\":\"Home\",\"item\":\"https:\\\/\\\/playfairadvisory.com\\\/\"},{\"@type\":\"ListItem\",\"position\":2,\"name\":\"INSIGHTS\"}]},{\"@type\":\"WebSite\",\"@id\":\"https:\\\/\\\/playfairadvisory.com\\\/#website\",\"url\":\"https:\\\/\\\/playfairadvisory.com\\\/\",\"name\":\"Playfair Advisory\",\"description\":\"\",\"publisher\":{\"@id\":\"https:\\\/\\\/playfairadvisory.com\\\/#organization\"},\"potentialAction\":[{\"@type\":\"SearchAction\",\"target\":{\"@type\":\"EntryPoint\",\"urlTemplate\":\"https:\\\/\\\/playfairadvisory.com\\\/?s={search_term_string}\"},\"query-input\":{\"@type\":\"PropertyValueSpecification\",\"valueRequired\":true,\"valueName\":\"search_term_string\"}}],\"inLanguage\":\"vi\"},{\"@type\":\"Organization\",\"@id\":\"https:\\\/\\\/playfairadvisory.com\\\/#organization\",\"name\":\"Playfair Advisory\",\"url\":\"https:\\\/\\\/playfairadvisory.com\\\/\",\"logo\":{\"@type\":\"ImageObject\",\"inLanguage\":\"vi\",\"@id\":\"https:\\\/\\\/playfairadvisory.com\\\/#\\\/schema\\\/logo\\\/image\\\/\",\"url\":\"https:\\\/\\\/playfairadvisory.com\\\/wp-content\\\/uploads\\\/2022\\\/05\\\/playfair-advisory-logo.png\",\"contentUrl\":\"https:\\\/\\\/playfairadvisory.com\\\/wp-content\\\/uploads\\\/2022\\\/05\\\/playfair-advisory-logo.png\",\"width\":250,\"height\":54,\"caption\":\"Playfair Advisory\"},\"image\":{\"@id\":\"https:\\\/\\\/playfairadvisory.com\\\/#\\\/schema\\\/logo\\\/image\\\/\"}}]}<\/script>\n<!-- \/ Yoast SEO plugin. -->","yoast_head_json":{"title":"INSIGHTS - Playfair Advisory","robots":{"index":"index","follow":"follow","max-snippet":"max-snippet:-1","max-image-preview":"max-image-preview:large","max-video-preview":"max-video-preview:-1"},"canonical":"https:\/\/playfairadvisory.com\/vi\/insights\/","og_locale":"vi_VN","og_type":"article","og_title":"INSIGHTS - Playfair Advisory","og_url":"https:\/\/playfairadvisory.com\/vi\/insights\/","og_site_name":"Playfair Advisory","article_modified_time":"2022-04-05T12:07:32+00:00","twitter_card":"summary_large_image","schema":{"@context":"https:\/\/schema.org","@graph":[{"@type":"WebPage","@id":"https:\/\/playfairadvisory.com\/insights\/","url":"https:\/\/playfairadvisory.com\/insights\/","name":"INSIGHTS - Playfair Advisory","isPartOf":{"@id":"https:\/\/playfairadvisory.com\/#website"},"datePublished":"2016-02-12T07:55:23+00:00","dateModified":"2022-04-05T12:07:32+00:00","breadcrumb":{"@id":"https:\/\/playfairadvisory.com\/insights\/#breadcrumb"},"inLanguage":"vi","potentialAction":[{"@type":"ReadAction","target":["https:\/\/playfairadvisory.com\/insights\/"]}]},{"@type":"BreadcrumbList","@id":"https:\/\/playfairadvisory.com\/insights\/#breadcrumb","itemListElement":[{"@type":"ListItem","position":1,"name":"Home","item":"https:\/\/playfairadvisory.com\/"},{"@type":"ListItem","position":2,"name":"INSIGHTS"}]},{"@type":"WebSite","@id":"https:\/\/playfairadvisory.com\/#website","url":"https:\/\/playfairadvisory.com\/","name":"Playfair Advisory","description":"","publisher":{"@id":"https:\/\/playfairadvisory.com\/#organization"},"potentialAction":[{"@type":"SearchAction","target":{"@type":"EntryPoint","urlTemplate":"https:\/\/playfairadvisory.com\/?s={search_term_string}"},"query-input":{"@type":"PropertyValueSpecification","valueRequired":true,"valueName":"search_term_string"}}],"inLanguage":"vi"},{"@type":"Organization","@id":"https:\/\/playfairadvisory.com\/#organization","name":"Playfair Advisory","url":"https:\/\/playfairadvisory.com\/","logo":{"@type":"ImageObject","inLanguage":"vi","@id":"https:\/\/playfairadvisory.com\/#\/schema\/logo\/image\/","url":"https:\/\/playfairadvisory.com\/wp-content\/uploads\/2022\/05\/playfair-advisory-logo.png","contentUrl":"https:\/\/playfairadvisory.com\/wp-content\/uploads\/2022\/05\/playfair-advisory-logo.png","width":250,"height":54,"caption":"Playfair Advisory"},"image":{"@id":"https:\/\/playfairadvisory.com\/#\/schema\/logo\/image\/"}}]}},"_links":{"self":[{"href":"https:\/\/playfairadvisory.com\/vi\/wp-json\/wp\/v2\/pages\/5","targetHints":{"allow":["GET"]}}],"collection":[{"href":"https:\/\/playfairadvisory.com\/vi\/wp-json\/wp\/v2\/pages"}],"about":[{"href":"https:\/\/playfairadvisory.com\/vi\/wp-json\/wp\/v2\/types\/page"}],"author":[{"embeddable":true,"href":"https:\/\/playfairadvisory.com\/vi\/wp-json\/wp\/v2\/users\/1"}],"replies":[{"embeddable":true,"href":"https:\/\/playfairadvisory.com\/vi\/wp-json\/wp\/v2\/comments?post=5"}],"version-history":[{"count":0,"href":"https:\/\/playfairadvisory.com\/vi\/wp-json\/wp\/v2\/pages\/5\/revisions"}],"wp:attachment":[{"href":"https:\/\/playfairadvisory.com\/vi\/wp-json\/wp\/v2\/media?parent=5"}],"curies":[{"name":"wp","href":"https:\/\/api.w.org\/{rel}","templated":true}]}}